{"id":6600,"date":"2024-05-06T13:53:50","date_gmt":"2024-05-06T13:53:50","guid":{"rendered":"https:\/\/www.guatemalaoutdoors.com\/?page_id=6600"},"modified":"2026-02-04T23:22:15","modified_gmt":"2026-02-04T23:22:15","slug":"greavelmaniac-santa-lucia-cotz","status":"publish","type":"page","link":"https:\/\/www.guatemalaoutdoors.com\/index.php\/greavelmaniac-santa-lucia-cotz\/","title":{"rendered":"GravelManiac Santa Lucia cotz"},"content":{"rendered":"<body><p><\/p>[vc_row css=\u201d.vc_custom_1719781421185{margin-top: 30px !important;margin-bottom: 30px !important;padding-top: 30px !important;padding-right: 30px !important;padding-bottom: 30px !important;padding-left: 30px !important;background-color: #e8e8e8 !important;}\u201d][vc_column][vc_row_inner][vc_column_inner width=\u201d1\/3\u2033][vc_btn title=\u201d100 GPX 2025\u2033 color=\u201dsuccess\u201d link=\u201durl:https%3A%2F%2Fbit.ly%2FSANTALU100kms|title:100%20GPX%202025|target:_blank\u201d][vc_btn title=\u201d55 GPX2025\u2033 color=\u201dsuccess\u201d link=\u201durl:https%3A%2F%2Fbit.ly%2FSANTALU55kms|title:55%20GPX%202025|target:_blank\u201d][\/vc_column_inner][vc_column_inner width=\u201d1\/3\u2033][vc_column_text].[\/vc_column_text][vc_column_text]\n<p style=\"text-align: center;\"><img decoding=\"async\" class=\"aligncenter size-full wp-image-6644 lazyload\" data-src=\"https:\/\/www.guatemalaoutdoors.com\/wp-content\/uploads\/2024\/06\/opticas-3.png\" alt=\"\" width=\"400\" height=\"81\" data-srcset=\"https:\/\/www.guatemalaoutdoors.com\/wp-content\/uploads\/2024\/06\/opticas-3.png 400w, https:\/\/www.guatemalaoutdoors.com\/wp-content\/uploads\/2024\/06\/opticas-3-300x61.png 300w, https:\/\/www.guatemalaoutdoors.com\/wp-content\/uploads\/2024\/06\/opticas-3-24x5.png 24w, https:\/\/www.guatemalaoutdoors.com\/wp-content\/uploads\/2024\/06\/opticas-3-36x7.png 36w, https:\/\/www.guatemalaoutdoors.com\/wp-content\/uploads\/2024\/06\/opticas-3-48x10.png 48w\" data-sizes=\"auto, (max-width: 400px) 100vw, 400px\" src=\"data:image\/svg+xml;base64,PHN2ZyB3aWR0aD0iMSIgaGVpZ2h0PSIxIiB4bWxucz0iaHR0cDovL3d3dy53My5vcmcvMjAwMC9zdmciPjwvc3ZnPg==\" style=\"--smush-placeholder-width: 400px; --smush-placeholder-aspect-ratio: 400\/81;\" \/><\/p>\n<p>[\/vc_column_text][\/vc_column_inner][vc_column_inner width=\u201d1\/3\u2033][vc_column_text]<\/p>\n<p style=\"text-align: center;\"><a href=\"https:\/\/tinyurl.com\/3yx3emze\" target=\"_blank\" rel=\"noopener\"><strong>REGISTRO<\/strong><\/a>\u00a0 <a href=\"https:\/\/tinyurl.com\/3yx3emze\" target=\"_blank\" rel=\"noopener\"><img decoding=\"async\" class=\"aligncenter wp-image-4466 size-full lazyload\" data-src=\"https:\/\/www.guatemalaoutdoors.com\/wp-content\/uploads\/2020\/12\/active.png\" alt=\"\" width=\"203\" height=\"50\" src=\"data:image\/svg+xml;base64,PHN2ZyB3aWR0aD0iMSIgaGVpZ2h0PSIxIiB4bWxucz0iaHR0cDovL3d3dy53My5vcmcvMjAwMC9zdmciPjwvc3ZnPg==\" style=\"--smush-placeholder-width: 203px; --smush-placeholder-aspect-ratio: 203\/50;\"><\/a><\/p>\n<p>[\/vc_column_text][\/vc_column_inner][\/vc_row_inner][\/vc_column][vc_column][vc_row_inner][vc_column_inner][vc_column_text]<\/p>\n<p style=\"text-align: center;\"><a href=\"https:\/\/www.guatemalaoutdoors.com\/wp-content\/uploads\/2026\/01\/logos-cintillo-1.jpg\" data-rel=\"lightbox-image-0\" data-rl_title=\"\" data-rl_caption=\"\" title=\"\"><img decoding=\"async\" class=\"aligncenter size-full wp-image-7431 lazyload\" data-src=\"https:\/\/www.guatemalaoutdoors.com\/wp-content\/uploads\/2026\/01\/logos-cintillo-1.jpg\" alt=\"\" width=\"1362\" height=\"165\" data-srcset=\"https:\/\/www.guatemalaoutdoors.com\/wp-content\/uploads\/2026\/01\/logos-cintillo-1.jpg 1362w, https:\/\/www.guatemalaoutdoors.com\/wp-content\/uploads\/2026\/01\/logos-cintillo-1-300x36.jpg 300w, https:\/\/www.guatemalaoutdoors.com\/wp-content\/uploads\/2026\/01\/logos-cintillo-1-1024x124.jpg 1024w, https:\/\/www.guatemalaoutdoors.com\/wp-content\/uploads\/2026\/01\/logos-cintillo-1-768x93.jpg 768w, https:\/\/www.guatemalaoutdoors.com\/wp-content\/uploads\/2026\/01\/logos-cintillo-1-24x3.jpg 24w, https:\/\/www.guatemalaoutdoors.com\/wp-content\/uploads\/2026\/01\/logos-cintillo-1-36x4.jpg 36w, https:\/\/www.guatemalaoutdoors.com\/wp-content\/uploads\/2026\/01\/logos-cintillo-1-48x6.jpg 48w\" data-sizes=\"auto, (max-width: 1362px) 100vw, 1362px\" src=\"data:image\/svg+xml;base64,PHN2ZyB3aWR0aD0iMSIgaGVpZ2h0PSIxIiB4bWxucz0iaHR0cDovL3d3dy53My5vcmcvMjAwMC9zdmciPjwvc3ZnPg==\" style=\"--smush-placeholder-width: 1362px; --smush-placeholder-aspect-ratio: 1362\/165;\" \/><\/a><\/p>\n<p>[\/vc_column_text][vc_column_text]<\/p>\n<p data-start=\"112\" data-end=\"360\"><strong data-start=\"118\" data-end=\"147\">Gravel Maniac Santa Luc\u00eda<\/strong>\u00a0<br data-start=\"150\" data-end=\"153\">La aventura contin\u00faa en uno de los destinos m\u00e1s aut\u00e9nticos de Guatemala. Senderos rodeados de naturaleza, caminos desafiantes y paisajes que te dejar\u00e1n sin aliento ser\u00e1n el escenario de esta nueva edici\u00f3n.<\/p>\n<p data-start=\"362\" data-end=\"514\">Prep\u00e1rate para poner a prueba tu resistencia, tu t\u00e9cnica y tu esp\u00edritu aventurero en una experiencia \u00fanica de gravel donde cada kil\u00f3metro cuenta<\/p>\n<p>[\/vc_column_text][\/vc_column_inner][\/vc_row_inner][vc_custom_heading text=\u201d20 de Junio 2026\u2033 font_container=\u201dtag:h1|text_align:left\u201d][vc_row_inner][vc_column_inner width=\u201d1\/2\u2033][vc_column_text]<\/p>\n<p style=\"text-align: center;\"><a href=\"https:\/\/www.guatemalaoutdoors.com\/wp-content\/uploads\/2025\/05\/santa-lucia-100.jpg\" data-rel=\"lightbox-image-1\" data-rl_title=\"\" data-rl_caption=\"\" title=\"\"><img decoding=\"async\" class=\"aligncenter wp-image-7208 size-medium lazyload\" data-src=\"https:\/\/www.guatemalaoutdoors.com\/wp-content\/uploads\/2025\/05\/santa-lucia-100-300x300.jpg\" alt=\"\" width=\"300\" height=\"300\" data-srcset=\"https:\/\/www.guatemalaoutdoors.com\/wp-content\/uploads\/2025\/05\/santa-lucia-100-300x300.jpg 300w, https:\/\/www.guatemalaoutdoors.com\/wp-content\/uploads\/2025\/05\/santa-lucia-100-1024x1024.jpg 1024w, https:\/\/www.guatemalaoutdoors.com\/wp-content\/uploads\/2025\/05\/santa-lucia-100-150x150.jpg 150w, https:\/\/www.guatemalaoutdoors.com\/wp-content\/uploads\/2025\/05\/santa-lucia-100-768x768.jpg 768w, https:\/\/www.guatemalaoutdoors.com\/wp-content\/uploads\/2025\/05\/santa-lucia-100-200x200.jpg 200w, https:\/\/www.guatemalaoutdoors.com\/wp-content\/uploads\/2025\/05\/santa-lucia-100-400x400.jpg 400w, https:\/\/www.guatemalaoutdoors.com\/wp-content\/uploads\/2025\/05\/santa-lucia-100-100x100.jpg 100w, https:\/\/www.guatemalaoutdoors.com\/wp-content\/uploads\/2025\/05\/santa-lucia-100-24x24.jpg 24w, https:\/\/www.guatemalaoutdoors.com\/wp-content\/uploads\/2025\/05\/santa-lucia-100-36x36.jpg 36w, https:\/\/www.guatemalaoutdoors.com\/wp-content\/uploads\/2025\/05\/santa-lucia-100-48x48.jpg 48w, https:\/\/www.guatemalaoutdoors.com\/wp-content\/uploads\/2025\/05\/santa-lucia-100.jpg 1080w\" data-sizes=\"auto, (max-width: 300px) 100vw, 300px\" src=\"data:image\/svg+xml;base64,PHN2ZyB3aWR0aD0iMSIgaGVpZ2h0PSIxIiB4bWxucz0iaHR0cDovL3d3dy53My5vcmcvMjAwMC9zdmciPjwvc3ZnPg==\" style=\"--smush-placeholder-width: 300px; --smush-placeholder-aspect-ratio: 300\/300;\" \/><\/a><\/p>\n<p>[\/vc_column_text][vc_column_text]<\/p>\n<ul>\n<li><strong>Distancia<\/strong> 100 kms<\/li>\n<li><strong>Ascenso<\/strong> 970 mts<\/li>\n<li><strong>Puestos de abastecimiento<\/strong>: 4<\/li>\n<li><strong>Vueltas<\/strong>: 2<\/li>\n<li><strong>Hora de Salida<\/strong>: 7:00 am<\/li>\n<\/ul>\n<p>[\/vc_column_text][vc_column_text]<\/p>\n<p style=\"text-align: center;\"><a href=\"https:\/\/www.guatemalaoutdoors.com\/wp-content\/uploads\/2025\/05\/santa-lucia-50.jpg\" data-rel=\"lightbox-image-2\" data-rl_title=\"\" data-rl_caption=\"\" title=\"\"><img decoding=\"async\" class=\"aligncenter wp-image-7209 size-medium lazyload\" data-src=\"https:\/\/www.guatemalaoutdoors.com\/wp-content\/uploads\/2025\/05\/santa-lucia-50-300x300.jpg\" alt=\"\" width=\"300\" height=\"300\" data-srcset=\"https:\/\/www.guatemalaoutdoors.com\/wp-content\/uploads\/2025\/05\/santa-lucia-50-300x300.jpg 300w, https:\/\/www.guatemalaoutdoors.com\/wp-content\/uploads\/2025\/05\/santa-lucia-50-1024x1024.jpg 1024w, https:\/\/www.guatemalaoutdoors.com\/wp-content\/uploads\/2025\/05\/santa-lucia-50-150x150.jpg 150w, https:\/\/www.guatemalaoutdoors.com\/wp-content\/uploads\/2025\/05\/santa-lucia-50-768x768.jpg 768w, https:\/\/www.guatemalaoutdoors.com\/wp-content\/uploads\/2025\/05\/santa-lucia-50-200x200.jpg 200w, https:\/\/www.guatemalaoutdoors.com\/wp-content\/uploads\/2025\/05\/santa-lucia-50-400x400.jpg 400w, https:\/\/www.guatemalaoutdoors.com\/wp-content\/uploads\/2025\/05\/santa-lucia-50-100x100.jpg 100w, https:\/\/www.guatemalaoutdoors.com\/wp-content\/uploads\/2025\/05\/santa-lucia-50-24x24.jpg 24w, https:\/\/www.guatemalaoutdoors.com\/wp-content\/uploads\/2025\/05\/santa-lucia-50-36x36.jpg 36w, https:\/\/www.guatemalaoutdoors.com\/wp-content\/uploads\/2025\/05\/santa-lucia-50-48x48.jpg 48w, https:\/\/www.guatemalaoutdoors.com\/wp-content\/uploads\/2025\/05\/santa-lucia-50.jpg 1080w\" data-sizes=\"auto, (max-width: 300px) 100vw, 300px\" src=\"data:image\/svg+xml;base64,PHN2ZyB3aWR0aD0iMSIgaGVpZ2h0PSIxIiB4bWxucz0iaHR0cDovL3d3dy53My5vcmcvMjAwMC9zdmciPjwvc3ZnPg==\" style=\"--smush-placeholder-width: 300px; --smush-placeholder-aspect-ratio: 300\/300;\" \/><\/a><\/p>\n<p>[\/vc_column_text][vc_column_text]<\/p>\n<ul>\n<li><strong>Distancia<\/strong> 55 kms<\/li>\n<li><strong>Ascenso<\/strong> 970 mts<\/li>\n<li><strong>Puestos de abastecimiento<\/strong>: 2<\/li>\n<li><strong>Vueltas<\/strong>: 1<\/li>\n<li><strong>Hora de Salida<\/strong>: 8:00 am<\/li>\n<\/ul>\n<p>[\/vc_column_text][vc_column_text]<strong>Observacion<\/strong>: Dependiendo del temporal de lluvia en la \u00e9poca, el recorrido puede ser modificado, se anunciar\u00e1 con tiempo.[\/vc_column_text][\/vc_column_inner][vc_column_inner width=\u201d1\/2\u2033][vc_column_text]<\/p>\n<p style=\"text-align: center;\"><a href=\"https:\/\/www.guatemalaoutdoors.com\/wp-content\/uploads\/2025\/05\/495011657_2903564496482903_4573257887701123555_n.jpg\" data-rel=\"lightbox-image-3\" data-rl_title=\"\" data-rl_caption=\"\" title=\"\"><img decoding=\"async\" class=\"aligncenter wp-image-7137 size-medium lazyload\" data-src=\"https:\/\/www.guatemalaoutdoors.com\/wp-content\/uploads\/2025\/05\/495011657_2903564496482903_4573257887701123555_n-300x300.jpg\" alt=\"\" width=\"300\" height=\"300\" data-srcset=\"https:\/\/www.guatemalaoutdoors.com\/wp-content\/uploads\/2025\/05\/495011657_2903564496482903_4573257887701123555_n-300x300.jpg 300w, https:\/\/www.guatemalaoutdoors.com\/wp-content\/uploads\/2025\/05\/495011657_2903564496482903_4573257887701123555_n-1024x1024.jpg 1024w, https:\/\/www.guatemalaoutdoors.com\/wp-content\/uploads\/2025\/05\/495011657_2903564496482903_4573257887701123555_n-150x150.jpg 150w, https:\/\/www.guatemalaoutdoors.com\/wp-content\/uploads\/2025\/05\/495011657_2903564496482903_4573257887701123555_n-768x768.jpg 768w, https:\/\/www.guatemalaoutdoors.com\/wp-content\/uploads\/2025\/05\/495011657_2903564496482903_4573257887701123555_n-200x200.jpg 200w, https:\/\/www.guatemalaoutdoors.com\/wp-content\/uploads\/2025\/05\/495011657_2903564496482903_4573257887701123555_n-400x400.jpg 400w, https:\/\/www.guatemalaoutdoors.com\/wp-content\/uploads\/2025\/05\/495011657_2903564496482903_4573257887701123555_n-100x100.jpg 100w, https:\/\/www.guatemalaoutdoors.com\/wp-content\/uploads\/2025\/05\/495011657_2903564496482903_4573257887701123555_n-24x24.jpg 24w, https:\/\/www.guatemalaoutdoors.com\/wp-content\/uploads\/2025\/05\/495011657_2903564496482903_4573257887701123555_n-36x36.jpg 36w, https:\/\/www.guatemalaoutdoors.com\/wp-content\/uploads\/2025\/05\/495011657_2903564496482903_4573257887701123555_n-48x48.jpg 48w, https:\/\/www.guatemalaoutdoors.com\/wp-content\/uploads\/2025\/05\/495011657_2903564496482903_4573257887701123555_n.jpg 1440w\" data-sizes=\"auto, (max-width: 300px) 100vw, 300px\" src=\"data:image\/svg+xml;base64,PHN2ZyB3aWR0aD0iMSIgaGVpZ2h0PSIxIiB4bWxucz0iaHR0cDovL3d3dy53My5vcmcvMjAwMC9zdmciPjwvc3ZnPg==\" style=\"--smush-placeholder-width: 300px; --smush-placeholder-aspect-ratio: 300\/300;\" \/><\/a><\/p>\n<p>[\/vc_column_text][vc_column_text].[\/vc_column_text][vc_column_text]<\/p>\n<p style=\"text-align: center;\">Resultados 2024<\/p>\n<p style=\"text-align: center;\"><a href=\"https:\/\/www.guatemalaoutdoors.com\/wp-content\/uploads\/2025\/05\/SANTALU2024.pdf\" class=\"pdfemb-viewer\" style=\"\" data-width=\"max\" data-height=\"max\" data-toolbar=\"bottom\" data-toolbar-fixed=\"off\">SANTALU2024<\/a><\/p>\n<p>[\/vc_column_text][\/vc_column_inner][vc_column_inner][\/vc_column_inner][vc_column_inner][\/vc_column_inner][\/vc_row_inner][\/vc_column][\/vc_row]<\/p>\n<\/body>","protected":false},"excerpt":{"rendered":"<p>[vc_row css=\u201d.vc_custom_1719781421185{margin-top: 30px !important;margin-bottom: 30px !important;padding-top: 30px !important;padding-right: 30px !important;padding-bottom: 30px !important;padding-left: 30px !important;background-color: #e8e8e8 !important;}\u201d][vc_column][vc_row_inner][vc_column_inner width=\u201d1\/3\u2033][vc_btn title=\u201d100 GPX 2025\u2033 color=\u201dsuccess\u201d link=\u201durl:https%3A%2F%2Fbit.ly%2FSANTALU100kms|title:100%20GPX%202025|target:_blank\u201d][vc_btn title=\u201d55 GPX2025\u2033 color=\u201dsuccess\u201d link=\u201durl:https%3A%2F%2Fbit.ly%2FSANTALU55kms|title:55%20GPX%202025|target:_blank\u201d][\/vc_column_inner][vc_column_inner width=\u201d1\/3\u2033][vc_column_text].[\/vc_column_text][vc_column_text] [\/vc_column_text][\/vc_column_inner][vc_column_inner width=\u201d1\/3\u2033][vc_column_text] REGISTRO\u00a0 [\/vc_column_text][\/vc_column_inner][\/vc_row_inner][\/vc_column][vc_column][vc_row_inner][vc_column_inner][vc_column_text] [\/vc_column_text][vc_column_text] Gravel Maniac Santa Luc\u00eda\u00a0La aventura contin\u00faa en uno de los destinos m\u00e1s aut\u00e9nticos de Guatemala. Senderos rodeados de naturaleza, caminos desafiantes y paisajes<\/p>\n","protected":false},"author":1,"featured_media":0,"parent":0,"menu_order":0,"comment_status":"closed","ping_status":"closed","template":"","meta":{"om_disable_all_campaigns":false,"_monsterinsights_skip_tracking":false,"_monsterinsights_sitenote_active":false,"_monsterinsights_sitenote_note":"","_monsterinsights_sitenote_category":0,"_joinchat":[],"footnotes":""},"class_list":["post-6600","page","type-page","status-publish","hentry"],"_links":{"self":[{"href":"https:\/\/www.guatemalaoutdoors.com\/index.php\/wp-json\/wp\/v2\/pages\/6600","targetHints":{"allow":["GET"]}}],"collection":[{"href":"https:\/\/www.guatemalaoutdoors.com\/index.php\/wp-json\/wp\/v2\/pages"}],"about":[{"href":"https:\/\/www.guatemalaoutdoors.com\/index.php\/wp-json\/wp\/v2\/types\/page"}],"author":[{"embeddable":true,"href":"https:\/\/www.guatemalaoutdoors.com\/index.php\/wp-json\/wp\/v2\/users\/1"}],"replies":[{"embeddable":true,"href":"https:\/\/www.guatemalaoutdoors.com\/index.php\/wp-json\/wp\/v2\/comments?post=6600"}],"version-history":[{"count":5,"href":"https:\/\/www.guatemalaoutdoors.com\/index.php\/wp-json\/wp\/v2\/pages\/6600\/revisions"}],"predecessor-version":[{"id":7454,"href":"https:\/\/www.guatemalaoutdoors.com\/index.php\/wp-json\/wp\/v2\/pages\/6600\/revisions\/7454"}],"wp:attachment":[{"href":"https:\/\/www.guatemalaoutdoors.com\/index.php\/wp-json\/wp\/v2\/media?parent=6600"}],"curies":[{"name":"wp","href":"https:\/\/api.w.org\/{rel}","templated":true}]}}