{"id":6713,"date":"2024-10-28T22:41:27","date_gmt":"2024-10-28T22:41:27","guid":{"rendered":"https:\/\/www.guatemalaoutdoors.com\/?page_id=6713"},"modified":"2024-10-28T23:19:23","modified_gmt":"2024-10-28T23:19:23","slug":"cronometraje","status":"publish","type":"page","link":"https:\/\/www.guatemalaoutdoors.com\/index.php\/cronometraje\/","title":{"rendered":"Servicio de cronometraje electr\u00f3nico"},"content":{"rendered":"<body><p><\/p>[vc_row css=\u201d.vc_custom_1607923998131{margin-top: 30px !important;margin-bottom: 30px !important;padding-top: 30px !important;padding-right: 30px !important;padding-bottom: 30px !important;padding-left: 30px !important;background-color: #e8e8e8 !important;}\u201d][vc_column][vc_row_inner][vc_column_inner width=\u201d1\/2\u2033]<h2 class=\"box-header no-border\">Servicio de cronometraje electr\u00f3nico<\/h2>[vc_column_text el_class=\u201dlarge margin-top-10\u2033]Guatemala Outdoors Live Timing Results es la empresa de gesti\u00f3n de eventos de carreras con todo incluido en Guatemala. Perm\u00edtanos ayudarle con su evento asoci\u00e1ndonos con su organizaci\u00f3n para crear un proceso optimizado y eficiente desde el registro hasta los resultados.\u00a0 En lugar de contratar a 3 o 4 contratistas independientes y asumir la carga de gestionar y coordinar a esas personas para que el evento sea un \u00e9xito, nos env\u00edas un correo electr\u00f3nico con tus necesidades y nosotros con gusto te enviaremos una propuesta y una planificaci\u00f3n.\u00a0 Nuestros servicios de primera clase incluyen registro en l\u00ednea, tecnolog\u00eda de cronometraje de \u00faltima generaci\u00f3n, material complementario para patrocinadores y equipos de operaciones para eventos.\n<p>\u00a0<\/p>\n<p><strong>CRONOMETRAJE<\/strong><br>\nLos m\u00e1s de 15 a\u00f1os de experiencia en los servicios de cronometraje nos separan de los dem\u00e1s. Contamos con el equipo de cronometraje con chip, necesario para que\u00a0tengas tus resultados personales en vivo y a tiempo.<br>\nQuiosco m\u00f3vil con centro de comando para la toma de tiempos, reloj electr\u00f3nico con el tiempo real de carrera y otros.<br>\nCOTIZA con nosotros.[\/vc_column_text][\/vc_column_inner][vc_column_inner width=\u201d1\/2\u2033][vc_column_text]<img decoding=\"async\" class=\"aligncenter size-full wp-image-6723 lazyload\" data-src=\"https:\/\/www.guatemalaoutdoors.com\/wp-content\/uploads\/2024\/10\/GUATEMALA-OUTDOORS.png\" alt=\"\" width=\"5102\" height=\"2787\" data-srcset=\"https:\/\/www.guatemalaoutdoors.com\/wp-content\/uploads\/2024\/10\/GUATEMALA-OUTDOORS.png 5102w, https:\/\/www.guatemalaoutdoors.com\/wp-content\/uploads\/2024\/10\/GUATEMALA-OUTDOORS-300x164.png 300w, https:\/\/www.guatemalaoutdoors.com\/wp-content\/uploads\/2024\/10\/GUATEMALA-OUTDOORS-1024x559.png 1024w, https:\/\/www.guatemalaoutdoors.com\/wp-content\/uploads\/2024\/10\/GUATEMALA-OUTDOORS-768x420.png 768w, https:\/\/www.guatemalaoutdoors.com\/wp-content\/uploads\/2024\/10\/GUATEMALA-OUTDOORS-1536x839.png 1536w, https:\/\/www.guatemalaoutdoors.com\/wp-content\/uploads\/2024\/10\/GUATEMALA-OUTDOORS-2048x1119.png 2048w, https:\/\/www.guatemalaoutdoors.com\/wp-content\/uploads\/2024\/10\/GUATEMALA-OUTDOORS-24x13.png 24w, https:\/\/www.guatemalaoutdoors.com\/wp-content\/uploads\/2024\/10\/GUATEMALA-OUTDOORS-36x20.png 36w, https:\/\/www.guatemalaoutdoors.com\/wp-content\/uploads\/2024\/10\/GUATEMALA-OUTDOORS-48x26.png 48w\" data-sizes=\"auto, (max-width: 5102px) 100vw, 5102px\" src=\"data:image\/svg+xml;base64,PHN2ZyB3aWR0aD0iMSIgaGVpZ2h0PSIxIiB4bWxucz0iaHR0cDovL3d3dy53My5vcmcvMjAwMC9zdmciPjwvc3ZnPg==\" style=\"--smush-placeholder-width: 5102px; --smush-placeholder-aspect-ratio: 5102\/2787;\" \/><\/p>\n<p>\u00a0<\/p>\n<p><img decoding=\"async\" class=\"size-full wp-image-6722 aligncenter lazyload\" data-src=\"https:\/\/www.guatemalaoutdoors.com\/wp-content\/uploads\/2024\/10\/LIVE-TIMING-RESULTS.png\" alt=\"\" width=\"5102\" height=\"1984\" data-srcset=\"https:\/\/www.guatemalaoutdoors.com\/wp-content\/uploads\/2024\/10\/LIVE-TIMING-RESULTS.png 5102w, https:\/\/www.guatemalaoutdoors.com\/wp-content\/uploads\/2024\/10\/LIVE-TIMING-RESULTS-300x117.png 300w, https:\/\/www.guatemalaoutdoors.com\/wp-content\/uploads\/2024\/10\/LIVE-TIMING-RESULTS-1024x398.png 1024w, https:\/\/www.guatemalaoutdoors.com\/wp-content\/uploads\/2024\/10\/LIVE-TIMING-RESULTS-768x299.png 768w, https:\/\/www.guatemalaoutdoors.com\/wp-content\/uploads\/2024\/10\/LIVE-TIMING-RESULTS-1536x597.png 1536w, https:\/\/www.guatemalaoutdoors.com\/wp-content\/uploads\/2024\/10\/LIVE-TIMING-RESULTS-2048x796.png 2048w, https:\/\/www.guatemalaoutdoors.com\/wp-content\/uploads\/2024\/10\/LIVE-TIMING-RESULTS-24x9.png 24w, https:\/\/www.guatemalaoutdoors.com\/wp-content\/uploads\/2024\/10\/LIVE-TIMING-RESULTS-36x14.png 36w, https:\/\/www.guatemalaoutdoors.com\/wp-content\/uploads\/2024\/10\/LIVE-TIMING-RESULTS-48x19.png 48w\" data-sizes=\"auto, (max-width: 5102px) 100vw, 5102px\" src=\"data:image\/svg+xml;base64,PHN2ZyB3aWR0aD0iMSIgaGVpZ2h0PSIxIiB4bWxucz0iaHR0cDovL3d3dy53My5vcmcvMjAwMC9zdmciPjwvc3ZnPg==\" style=\"--smush-placeholder-width: 5102px; --smush-placeholder-aspect-ratio: 5102\/1984;\" \/><\/p>\n<p>[\/vc_column_text][\/vc_column_inner][\/vc_row_inner][vc_row_inner][vc_column_inner][vc_column_text el_class=\u201dlarge align-center page-margin-top\u201d]Si tienes alguna consulta te pedimos completa este formulario y tan pronto como sea posible te contactaremos[\/vc_column_text]<form class=\"contact-form \" id=\"contact_form\" method=\"post\" action=\"\"><div class=\"vc_row wpb_row vc_inner\">\n\t\t\t<fieldset class=\"vc_col-sm-6 wpb_column vc_column_container\"><label>NOMBRE<\/label>\n\t\t\t\t<div class=\"block\">\n\t\t\t\t\t<input class=\"text_input\" name=\"first_name\" type=\"text\" value=\"\" tabindex=\"1\" data-required=\"1\">\n\t\t\t\t<\/div><label>TELEFONO<\/label>\n\t\t\t\t<div class=\"block\">\n\t\t\t\t\t<input class=\"text_input\" name=\"phone_number\" type=\"text\" value=\"\" tabindex=\"5\">\n\t\t\t\t<\/div><\/fieldset>\n\t\t\t<fieldset class=\"vc_col-sm-6 wpb_column vc_column_container\"><label>APELLIDO<\/label>\n\t\t\t\t<div class=\"block\">\n\t\t\t\t\t<input class=\"text_input\" name=\"last_name\" type=\"text\" value=\"\" tabindex=\"2\" data-required=\"1\">\n\t\t\t\t<\/div><label>E-MAIL<\/label>\n\t\t\t\t<div class=\"block\">\n\t\t\t\t\t<input class=\"text_input\" name=\"email\" type=\"text\" value=\"\" tabindex=\"6\" data-required=\"1\">\n\t\t\t\t<\/div><\/fieldset>\n\t\t<\/div><div class=\"vc_row wpb_row vc_inner\">\n\t\t\t<fieldset>\n\t\t\t\t<label>TU MENSAJE<\/label>\n\t\t\t\t<div class=\"block\">\n\t\t\t\t\t<textarea name=\"message\" tabindex=\"7\" data-required=\"1\"><\/textarea>\n\t\t\t\t<\/div>\n\t\t\t<\/fieldset>\n\t\t<\/div><div class=\"vc_row wpb_row vc_inner submit-container margin-top-30\"><div class=\"vc_col-sm-6 wpb_column vc_column_container\">\n\t\t\t\t<p>Te responderemos tan pronto como sea posible<\/p>\n\t\t\t<\/div>\n\t\t\t<div class=\"vc_col-sm-6 wpb_column vc_column_container \"><input type=\"hidden\" name=\"action\" value=\"theme_contact_form\" \/>\n\t\t\t\t<input type=\"hidden\" name=\"id\" value=\"contact_form\" \/><div class=\"vc_row wpb_row vc_inner\">\n\t\t\t\t<input type=\"submit\" name=\"submit\" value=\"ENVIAR MENSAJE\" class=\"more mc-button\" \/>\n\t\t\t<\/div><\/div><\/div>\n\t<\/form>[\/vc_column_inner][\/vc_row_inner][\/vc_column][\/vc_row]<\/p>\n<\/body>","protected":false},"excerpt":{"rendered":"<p>[vc_row css=\u201d.vc_custom_1607923998131{margin-top: 30px !important;margin-bottom: 30px !important;padding-top: 30px !important;padding-right: 30px !important;padding-bottom: 30px !important;padding-left: 30px !important;background-color: #e8e8e8 !important;}\u201d][vc_column][vc_row_inner][vc_column_inner width=\u201d1\/2\u2033][vc_column_text el_class=\u201dlarge margin-top-10\u2033]Guatemala Outdoors Live Timing Results es la empresa de gesti\u00f3n de eventos de carreras con todo incluido en Guatemala. Perm\u00edtanos ayudarle con su evento asoci\u00e1ndonos con su organizaci\u00f3n para crear un proceso optimizado y eficiente desde el<\/p>\n","protected":false},"author":1,"featured_media":0,"parent":0,"menu_order":0,"comment_status":"closed","ping_status":"closed","template":"","meta":{"om_disable_all_campaigns":false,"_monsterinsights_skip_tracking":false,"_monsterinsights_sitenote_active":false,"_monsterinsights_sitenote_note":"","_monsterinsights_sitenote_category":0,"_joinchat":[],"footnotes":""},"class_list":["post-6713","page","type-page","status-publish","hentry"],"_links":{"self":[{"href":"https:\/\/www.guatemalaoutdoors.com\/index.php\/wp-json\/wp\/v2\/pages\/6713","targetHints":{"allow":["GET"]}}],"collection":[{"href":"https:\/\/www.guatemalaoutdoors.com\/index.php\/wp-json\/wp\/v2\/pages"}],"about":[{"href":"https:\/\/www.guatemalaoutdoors.com\/index.php\/wp-json\/wp\/v2\/types\/page"}],"author":[{"embeddable":true,"href":"https:\/\/www.guatemalaoutdoors.com\/index.php\/wp-json\/wp\/v2\/users\/1"}],"replies":[{"embeddable":true,"href":"https:\/\/www.guatemalaoutdoors.com\/index.php\/wp-json\/wp\/v2\/comments?post=6713"}],"version-history":[{"count":5,"href":"https:\/\/www.guatemalaoutdoors.com\/index.php\/wp-json\/wp\/v2\/pages\/6713\/revisions"}],"predecessor-version":[{"id":6732,"href":"https:\/\/www.guatemalaoutdoors.com\/index.php\/wp-json\/wp\/v2\/pages\/6713\/revisions\/6732"}],"wp:attachment":[{"href":"https:\/\/www.guatemalaoutdoors.com\/index.php\/wp-json\/wp\/v2\/media?parent=6713"}],"curies":[{"name":"wp","href":"https:\/\/api.w.org\/{rel}","templated":true}]}}